{"id":5602,"date":"2025-10-31T16:58:55","date_gmt":"2025-10-31T19:58:55","guid":{"rendered":"https:\/\/yara-atelier.com\/?post_type=product&#038;p=5602"},"modified":"2026-01-06T15:27:55","modified_gmt":"2026-01-06T18:27:55","slug":"personalizado-suede-2","status":"publish","type":"product","link":"https:\/\/yara-atelier.com\/en\/product\/personalizado-suede-2\/","title":{"rendered":"Bandana Aurora Astral"},"content":{"rendered":"","protected":false},"excerpt":{"rendered":"<p class=\"p1\" style=\"margin: 0px 0px 1.41575em;font-family: Montserrat, serif;font-size: 16px;font-style: normal;font-weight: 400;letter-spacing: normal;text-align: start;text-indent: 0px;text-transform: none;text-decoration: none\"><span class=\"s1\">Um amuleto tecido entre o vis\u00edvel e o invis\u00edvel.<\/span><\/p>\n<p class=\"p1\" style=\"margin: 0px 0px 1.41575em;font-family: Montserrat, serif;font-size: 16px;font-style: normal;font-weight: 400;letter-spacing: normal;text-align: start;text-indent: 0px;text-transform: none;text-decoration: none\"><span class=\"s1\">Feita \u00e0 m\u00e3o em<\/span><span class=\"s1\"><span class=\"Apple-converted-space\">\u00a0<\/span><\/span><span class=\"s2\">croch\u00ea 100% algod\u00e3o mercerizado<\/span><span class=\"s1\">, sua<\/span><span class=\"s1\"><span class=\"Apple-converted-space\">\u00a0<\/span><\/span><span class=\"s2\">trama fechada<\/span><span class=\"s1\"><span class=\"Apple-converted-space\">\u00a0<\/span><\/span><span class=\"s1\">envolve e revela, como quem entende o poder do detalhe.<\/span><\/p>\n<p class=\"p1\" style=\"margin: 0px 0px 1.41575em;font-family: Montserrat, serif;font-size: 16px;font-style: normal;font-weight: 400;letter-spacing: normal;text-align: start;text-indent: 0px;text-transform: none;text-decoration: none\"><span class=\"s1\">O<\/span><span class=\"s1\"><span class=\"Apple-converted-space\">\u00a0<\/span><\/span><span class=\"s2\">broche exclusivo YARA<\/span><span class=\"s1\"><span class=\"Apple-converted-space\">\u00a0<\/span><\/span><span class=\"s1\">transforma a pe\u00e7a em um s\u00edmbolo de presen\u00e7a: sutil, m\u00edstico e essencial.<\/span><\/p>\n<p class=\"p1\" style=\"margin: 0px 0px 1.41575em;font-family: Montserrat, serif;font-size: 16px;font-style: normal;font-weight: 400;letter-spacing: normal;text-align: start;text-indent: 0px;text-transform: none;text-decoration: none\"><span class=\"s1\">Mais que um acess\u00f3rio, \u00e9 uma extens\u00e3o do toque, um gesto que carrega o tempo e o sentir.<\/span><\/p>","protected":false},"featured_media":5615,"template":"","meta":{"_acf_changed":false},"product_brand":[],"product_cat":[123,21,61,140],"product_tag":[],"class_list":{"0":"post-5602","1":"product","2":"type-product","3":"status-publish","4":"has-post-thumbnail","6":"product_cat-aurora-2","7":"product_cat-hatbag","8":"product_cat-headband","9":"product_cat-verao","11":"first","12":"instock","13":"taxable","14":"shipping-taxable","15":"purchasable","16":"product-type-variable"},"acf":[],"_links":{"self":[{"href":"https:\/\/yara-atelier.com\/en\/wp-json\/wp\/v2\/product\/5602","targetHints":{"allow":["GET"]}}],"collection":[{"href":"https:\/\/yara-atelier.com\/en\/wp-json\/wp\/v2\/product"}],"about":[{"href":"https:\/\/yara-atelier.com\/en\/wp-json\/wp\/v2\/types\/product"}],"wp:featuredmedia":[{"embeddable":true,"href":"https:\/\/yara-atelier.com\/en\/wp-json\/wp\/v2\/media\/5615"}],"wp:attachment":[{"href":"https:\/\/yara-atelier.com\/en\/wp-json\/wp\/v2\/media?parent=5602"}],"wp:term":[{"taxonomy":"product_brand","embeddable":true,"href":"https:\/\/yara-atelier.com\/en\/wp-json\/wp\/v2\/product_brand?post=5602"},{"taxonomy":"product_cat","embeddable":true,"href":"https:\/\/yara-atelier.com\/en\/wp-json\/wp\/v2\/product_cat?post=5602"},{"taxonomy":"product_tag","embeddable":true,"href":"https:\/\/yara-atelier.com\/en\/wp-json\/wp\/v2\/product_tag?post=5602"}],"curies":[{"name":"wp","href":"https:\/\/api.w.org\/{rel}","templated":true}]}}