{"id":5625,"date":"2025-10-31T17:09:10","date_gmt":"2025-10-31T20:09:10","guid":{"rendered":"https:\/\/yara-atelier.com\/?post_type=product&#038;p=5625"},"modified":"2025-12-01T16:18:08","modified_gmt":"2025-12-01T19:18:08","slug":"personalizado-suede-2-2","status":"publish","type":"product","link":"https:\/\/yara-atelier.com\/en\/product\/personalizado-suede-2-2\/","title":{"rendered":"Touca Aurora Boreal"},"content":{"rendered":"","protected":false},"excerpt":{"rendered":"<p><span class=\"s1\">Tecido \u00e0 m\u00e3o em\u00a0croch\u00ea 100% algod\u00e3o mercerizado, cada ponto guarda o calor do toque e a serenidade do feito com prop\u00f3sito.<\/span><\/p>\n<div class=\"woocommerce-product-details__short-description\">\n<p class=\"p1\" style=\"margin: 0px 0px 1.41575em;\"><span class=\"s1\">Sua<\/span><span class=\"s1\"><span class=\"Apple-converted-space\">\u00a0<\/span><\/span><span class=\"s2\">trama fechada<\/span><span class=\"s1\"><span class=\"Apple-converted-space\">\u00a0<\/span><\/span><span class=\"s1\">envolve com sutileza e presen\u00e7a, enquanto o<\/span><span class=\"s1\"><span class=\"Apple-converted-space\">\u00a0<\/span><\/span><span class=\"s2\">broche exclusivo YARA<\/span><span class=\"s1\">traz o brilho do detalhe artesanal que transcende o \u00f3bvio.<\/span><\/p>\n<\/div>","protected":false},"featured_media":5639,"template":"","meta":{"_acf_changed":false},"product_brand":[],"product_cat":[123,140],"product_tag":[],"class_list":{"0":"post-5625","1":"product","2":"type-product","3":"status-publish","4":"has-post-thumbnail","6":"product_cat-aurora-2","7":"product_cat-verao","9":"first","10":"instock","11":"taxable","12":"shipping-taxable","13":"purchasable","14":"product-type-variable"},"acf":[],"_links":{"self":[{"href":"https:\/\/yara-atelier.com\/en\/wp-json\/wp\/v2\/product\/5625","targetHints":{"allow":["GET"]}}],"collection":[{"href":"https:\/\/yara-atelier.com\/en\/wp-json\/wp\/v2\/product"}],"about":[{"href":"https:\/\/yara-atelier.com\/en\/wp-json\/wp\/v2\/types\/product"}],"wp:featuredmedia":[{"embeddable":true,"href":"https:\/\/yara-atelier.com\/en\/wp-json\/wp\/v2\/media\/5639"}],"wp:attachment":[{"href":"https:\/\/yara-atelier.com\/en\/wp-json\/wp\/v2\/media?parent=5625"}],"wp:term":[{"taxonomy":"product_brand","embeddable":true,"href":"https:\/\/yara-atelier.com\/en\/wp-json\/wp\/v2\/product_brand?post=5625"},{"taxonomy":"product_cat","embeddable":true,"href":"https:\/\/yara-atelier.com\/en\/wp-json\/wp\/v2\/product_cat?post=5625"},{"taxonomy":"product_tag","embeddable":true,"href":"https:\/\/yara-atelier.com\/en\/wp-json\/wp\/v2\/product_tag?post=5625"}],"curies":[{"name":"wp","href":"https:\/\/api.w.org\/{rel}","templated":true}]}}