{"id":6385,"date":"2025-12-03T19:21:59","date_gmt":"2025-12-03T22:21:59","guid":{"rendered":"https:\/\/yara-atelier.com\/?post_type=product&#038;p=6385"},"modified":"2026-03-03T17:51:12","modified_gmt":"2026-03-03T20:51:12","slug":"real-butterfly","status":"publish","type":"product","link":"https:\/\/yara-atelier.com\/en\/product\/real-butterfly\/","title":{"rendered":"The Real Butterfly &#8211; Emerald"},"content":{"rendered":"","protected":false},"excerpt":{"rendered":"<p>A escultura que virou bolsa.<\/p>\n<p>Nascida da fus\u00e3o entre arte e moda, a YARA Bag \u00e9 uma bolsa-joia escultural feita 100% \u00e0 m\u00e3o. Inspirada na simetria das asas de uma borboleta, ela simboliza metamorfose, liberdade e autenticidade. Cada pe\u00e7a \u00e9 artesanal, \u00fanica e criada para quem carrega significado em cada detalhe.<\/p>\n<p>Produzida com fio Barroco, possui forro interno em cetim e fechamento por \u00edm\u00e3 oculto central.<\/p>\n<p>Dimens\u00f5es aproximadas: 16 cm x 15 cm<\/p>\n<p>Altura total com al\u00e7a: 22 cm<\/p>\n<p>Capacidade: comporta batom, chave do carro, mini perfume e cart\u00e3o.<\/p>\n<p>Al\u00e7a: croch\u00ea estruturado com refor\u00e7o interno.<\/p>\n<p>Pe\u00e7a 100% artesanal, com tempo m\u00e9dio de confec\u00e7\u00e3o de 2 a 3 dias.<\/p>","protected":false},"featured_media":7667,"template":"","meta":{"_acf_changed":false},"product_brand":[],"product_cat":[142,141,96,140,95],"product_tag":[],"class_list":{"0":"post-6385","1":"product","2":"type-product","3":"status-publish","4":"has-post-thumbnail","6":"product_cat-metamorfose","7":"product_cat-produtos","8":"product_cat-yara-bag","9":"product_cat-verao","10":"product_cat-lancamentos","12":"first","13":"instock","14":"taxable","15":"shipping-taxable","16":"purchasable","17":"product-type-simple"},"acf":[],"_links":{"self":[{"href":"https:\/\/yara-atelier.com\/en\/wp-json\/wp\/v2\/product\/6385","targetHints":{"allow":["GET"]}}],"collection":[{"href":"https:\/\/yara-atelier.com\/en\/wp-json\/wp\/v2\/product"}],"about":[{"href":"https:\/\/yara-atelier.com\/en\/wp-json\/wp\/v2\/types\/product"}],"wp:featuredmedia":[{"embeddable":true,"href":"https:\/\/yara-atelier.com\/en\/wp-json\/wp\/v2\/media\/7667"}],"wp:attachment":[{"href":"https:\/\/yara-atelier.com\/en\/wp-json\/wp\/v2\/media?parent=6385"}],"wp:term":[{"taxonomy":"product_brand","embeddable":true,"href":"https:\/\/yara-atelier.com\/en\/wp-json\/wp\/v2\/product_brand?post=6385"},{"taxonomy":"product_cat","embeddable":true,"href":"https:\/\/yara-atelier.com\/en\/wp-json\/wp\/v2\/product_cat?post=6385"},{"taxonomy":"product_tag","embeddable":true,"href":"https:\/\/yara-atelier.com\/en\/wp-json\/wp\/v2\/product_tag?post=6385"}],"curies":[{"name":"wp","href":"https:\/\/api.w.org\/{rel}","templated":true}]}}