{"id":7272,"date":"2025-12-14T15:11:48","date_gmt":"2025-12-14T18:11:48","guid":{"rendered":"https:\/\/yara-atelier.com\/produto\/selene-camel\/"},"modified":"2026-04-01T02:56:57","modified_gmt":"2026-04-01T05:56:57","slug":"selene-camel","status":"publish","type":"product","link":"https:\/\/yara-atelier.com\/en\/product\/selene-camel\/","title":{"rendered":"Selene Camel"},"content":{"rendered":"<p style=\"margin: 0px 0px 1.41575em; font-family: Montserrat, serif; font-size: 16px; font-style: normal; font-weight: 400; letter-spacing: normal; text-align: start; text-indent: 0px; text-transform: none; white-space: normal; text-decoration: none;\">Sobre o chap\u00e9u:<\/p>\n<p style=\"margin: 0px 0px 1.41575em; font-family: Montserrat, serif; font-size: 16px; font-style: normal; font-weight: 400; letter-spacing: normal; text-align: start; text-indent: 0px; text-transform: none; white-space: normal; text-decoration: none;\">Selene, inspirado na deusa grega da lua, representa mist\u00e9rio, eleg\u00e2ncia e for\u00e7a serena. Um acess\u00f3rio atemporal para quem valoriza a sofistica\u00e7\u00e3o nos detalhes, tra\u00e7os minimalistas e um contexto mais urbano.<\/p>\n<p style=\"margin: 0px 0px 1.41575em; font-family: Montserrat, serif; font-size: 16px; font-style: normal; font-weight: 400; letter-spacing: normal; text-align: start; text-indent: 0px; text-transform: none; white-space: normal; text-decoration: none;\">Detalhes:<\/p>\n<p style=\"margin: 0px 0px 1.41575em; font-family: Montserrat, serif; font-size: 16px; font-style: normal; font-weight: 400; letter-spacing: normal; text-align: start; text-indent: 0px; text-transform: none; white-space: normal; text-decoration: none;\">\u2022Modelo fedora em l\u00e3 100% boliviana, na cor preta.<\/p>\n<p style=\"margin: 0px 0px 1.41575em; font-family: Montserrat, serif; font-size: 16px; font-style: normal; font-weight: 400; letter-spacing: normal; text-align: start; text-indent: 0px; text-transform: none; white-space: normal; text-decoration: none;\">\u2022Bandana em couro preto, trazendo um toque de textura refinada.<\/p>\n<p style=\"margin: 0px 0px 1.41575em; font-family: Montserrat, serif; font-size: 16px; font-style: normal; font-weight: 400; letter-spacing: normal; text-align: start; text-indent: 0px; text-transform: none; white-space: normal; text-decoration: none;\">\u2022Aba levemente curvada, equilibrando modernidade e estilo cl\u00e1ssico.<\/p>\n<p style=\"margin: 0px 0px 1.41575em; font-family: Montserrat, serif; font-size: 16px; font-style: normal; font-weight: 400; letter-spacing: normal; text-align: start; text-indent: 0px; text-transform: none; white-space: normal; text-decoration: none;\">Informa\u00e7\u00f5es:<\/p>\n<p style=\"margin: 0px 0px 1.41575em; font-family: Montserrat, serif; font-size: 16px; font-style: normal; font-weight: 400; letter-spacing: normal; text-align: start; text-indent: 0px; text-transform: none; white-space: normal; text-decoration: none;\">Acompanha gancho de parede e porta-chap\u00e9u personalizado para prote\u00e7\u00e3o e estilo.<\/p>\n<p data-prosemirror-content-type=\"node\" data-prosemirror-node-name=\"paragraph\" data-prosemirror-node-block=\"true\" data-pm-slice=\"1 1 []\">Os pedidos s\u00e3o processados e despachados em at\u00e9 2 dias \u00fateis ap\u00f3s a confirma\u00e7\u00e3o do pagamento. O prazo de entrega come\u00e7a a contar a partir do envio.<\/p>","protected":false},"excerpt":{"rendered":"<p>Sobre o chap\u00e9u: Selene, inspirado na deusa grega da lua, representa mist\u00e9rio, eleg\u00e2ncia e for\u00e7a serena. Um acess\u00f3rio atemporal para quem valoriza a sofistica\u00e7\u00e3o nos detalhes, tra\u00e7os minimalistas e um contexto mais urbano. Detalhes: \u2022Modelo fedora em l\u00e3 100% boliviana, na cor preta. \u2022Bandana em couro preto, trazendo um toque de textura refinada. \u2022Aba levemente [&hellip;]<\/p>\n","protected":false},"featured_media":7396,"template":"","meta":{"_acf_changed":false},"product_brand":[],"product_cat":[144,84,20],"product_tag":[],"class_list":{"0":"post-7272","1":"product","2":"type-product","3":"status-publish","4":"has-post-thumbnail","6":"product_cat-ver-tudo","7":"product_cat-chapeus","8":"product_cat-100-la","10":"first","11":"instock","12":"sale","13":"taxable","14":"shipping-taxable","15":"purchasable","16":"product-type-simple"},"acf":[],"_links":{"self":[{"href":"https:\/\/yara-atelier.com\/en\/wp-json\/wp\/v2\/product\/7272","targetHints":{"allow":["GET"]}}],"collection":[{"href":"https:\/\/yara-atelier.com\/en\/wp-json\/wp\/v2\/product"}],"about":[{"href":"https:\/\/yara-atelier.com\/en\/wp-json\/wp\/v2\/types\/product"}],"wp:featuredmedia":[{"embeddable":true,"href":"https:\/\/yara-atelier.com\/en\/wp-json\/wp\/v2\/media\/7396"}],"wp:attachment":[{"href":"https:\/\/yara-atelier.com\/en\/wp-json\/wp\/v2\/media?parent=7272"}],"wp:term":[{"taxonomy":"product_brand","embeddable":true,"href":"https:\/\/yara-atelier.com\/en\/wp-json\/wp\/v2\/product_brand?post=7272"},{"taxonomy":"product_cat","embeddable":true,"href":"https:\/\/yara-atelier.com\/en\/wp-json\/wp\/v2\/product_cat?post=7272"},{"taxonomy":"product_tag","embeddable":true,"href":"https:\/\/yara-atelier.com\/en\/wp-json\/wp\/v2\/product_tag?post=7272"}],"curies":[{"name":"wp","href":"https:\/\/api.w.org\/{rel}","templated":true}]}}