{"id":7432,"date":"2026-01-07T13:53:40","date_gmt":"2026-01-07T16:53:40","guid":{"rendered":"https:\/\/yara-atelier.com\/?post_type=product&#038;p=7432"},"modified":"2026-04-13T13:15:07","modified_gmt":"2026-04-13T16:15:07","slug":"cosmos-turquesa","status":"publish","type":"product","link":"https:\/\/yara-atelier.com\/en\/product\/cosmos-turquesa\/","title":{"rendered":"Cosmos Turquesa"},"content":{"rendered":"","protected":false},"excerpt":{"rendered":"<p>Uma pe\u00e7a que carrega movimento, prote\u00e7\u00e3o e liberdade. O YARA Cosmos Turquesa n\u00e3o \u00e9 apenas um acess\u00f3rio, \u00e9 um talism\u00e3 de caminhos abertos, feito para quem se desloca pelo mundo com presen\u00e7a e inten\u00e7\u00e3o. Sua est\u00e9tica org\u00e2nica e marcante desperta olhares e cria conex\u00e3o imediata com quem o v\u00ea.<\/p>\n<p>Detalhes:<\/p>\n<p>Confeccionado em 100% l\u00e3, o chap\u00e9u \u00e9 adornado com pedras turquesas, s\u00edmbolos ancestrais de prote\u00e7\u00e3o, equil\u00edbrio e expans\u00e3o. A faixa bandana desfiada traz o gesto do tempo e da estrada, representando jornadas vividas, hist\u00f3rias em curso e a beleza do que n\u00e3o \u00e9 perfeito, mas \u00e9 real. Cada elemento foi pensado para criar uma pe\u00e7a atemporal, com alma livre e for\u00e7a simb\u00f3lica que transcende tend\u00eancias.<\/p>\n<p data-prosemirror-content-type=\"node\" data-prosemirror-node-name=\"paragraph\" data-prosemirror-node-block=\"true\" data-pm-slice=\"1 1 []\">Os pedidos s\u00e3o processados e despachados em at\u00e9 2 dias \u00fateis ap\u00f3s a confirma\u00e7\u00e3o do pagamento. O prazo de entrega come\u00e7a a contar a partir do envio.<\/p>","protected":false},"featured_media":7476,"template":"","meta":{"_acf_changed":false},"product_brand":[],"product_cat":[144,102,140,95,20],"product_tag":[],"class_list":{"0":"post-7432","1":"product","2":"type-product","3":"status-publish","4":"has-post-thumbnail","6":"product_cat-ver-tudo","7":"product_cat-country-cowboy-western","8":"product_cat-verao","9":"product_cat-lancamentos","10":"product_cat-100-la","12":"first","13":"instock","14":"sale","15":"taxable","16":"shipping-taxable","17":"purchasable","18":"product-type-simple"},"acf":[],"_links":{"self":[{"href":"https:\/\/yara-atelier.com\/en\/wp-json\/wp\/v2\/product\/7432","targetHints":{"allow":["GET"]}}],"collection":[{"href":"https:\/\/yara-atelier.com\/en\/wp-json\/wp\/v2\/product"}],"about":[{"href":"https:\/\/yara-atelier.com\/en\/wp-json\/wp\/v2\/types\/product"}],"wp:featuredmedia":[{"embeddable":true,"href":"https:\/\/yara-atelier.com\/en\/wp-json\/wp\/v2\/media\/7476"}],"wp:attachment":[{"href":"https:\/\/yara-atelier.com\/en\/wp-json\/wp\/v2\/media?parent=7432"}],"wp:term":[{"taxonomy":"product_brand","embeddable":true,"href":"https:\/\/yara-atelier.com\/en\/wp-json\/wp\/v2\/product_brand?post=7432"},{"taxonomy":"product_cat","embeddable":true,"href":"https:\/\/yara-atelier.com\/en\/wp-json\/wp\/v2\/product_cat?post=7432"},{"taxonomy":"product_tag","embeddable":true,"href":"https:\/\/yara-atelier.com\/en\/wp-json\/wp\/v2\/product_tag?post=7432"}],"curies":[{"name":"wp","href":"https:\/\/api.w.org\/{rel}","templated":true}]}}