{"id":7452,"date":"2026-01-09T14:53:58","date_gmt":"2026-01-09T17:53:58","guid":{"rendered":"https:\/\/yara-atelier.com\/?post_type=product&#038;p=7452"},"modified":"2026-04-20T14:25:33","modified_gmt":"2026-04-20T17:25:33","slug":"a","status":"publish","type":"product","link":"https:\/\/yara-atelier.com\/en\/product\/a\/","title":{"rendered":"Soren"},"content":{"rendered":"<p>A conex\u00e3o entre a terra, o tempo e o sagrado.<\/p>\n<p>O chap\u00e9u Soren evoca ancestralidade, equil\u00edbrio e sobriedade. Com materiais naturais e simbologia espiritual, representa o caminhar firme de quem honra suas ra\u00edzes com eleg\u00e2ncia silenciosa. Um chap\u00e9u unissex de presen\u00e7a marcante, pensado para ser atemporal e funcional, do campo \u00e0 cidade.<\/p>\n<p>Detalhes:<\/p>\n<p>\u2022 Chap\u00e9u em suede aveludado marrom, com copa estruturada de 7 cm<\/p>\n<p>\u2022 Bandana em tecido r\u00fastico bord\u00f4, adornada com mi\u00e7angas em madeira<\/p>\n<p>\u2022 Tira fina de couro com medalha central com escrita \u201cYara\u201d em \u00e1rabe, carregando simbolismo de prote\u00e7\u00e3o<\/p>\n<p>\u2022 Est\u00e9tica org\u00e2nica e sofisticada, ideal para personalidades aut\u00eanticas<\/p>\n<p>\u2022 Modelo unissex com design vers\u00e1til e propor\u00e7\u00f5es elegantes<\/p>\n<p>Informa\u00e7\u00f5es:<\/p>\n<p>Acompanha gancho de parede e porta-chap\u00e9u personalizado YARA.<\/p>\n<p data-prosemirror-content-type=\"node\" data-prosemirror-node-name=\"paragraph\" data-prosemirror-node-block=\"true\" data-pm-slice=\"1 1 []\">Os pedidos s\u00e3o processados e despachados em at\u00e9 2 dias \u00fateis ap\u00f3s a confirma\u00e7\u00e3o do pagamento. O prazo de entrega come\u00e7a a contar a partir do envio.<\/p>","protected":false},"excerpt":{"rendered":"<p>A conex\u00e3o entre a terra, o tempo e o sagrado.<\/p>\n<p>O chap\u00e9u marrom evoca ancestralidade, equil\u00edbrio e ess\u00eancia. Com materiais naturais e simbologia espiritual, ele representa quem honra suas ra\u00edzes enquanto segue em frente com consci\u00eancia e inten\u00e7\u00e3o.<\/p>\n<p>Detalhes:<\/p>\n<p>\u2022 Chap\u00e9u em suede aveludado marrom, com aba estruturada de 7 cm.<\/p>\n<p>\u2022 Bandana em tecido com tira de aviamento adornada por mi\u00e7angas em madeira.<\/p>\n<p>\u2022 Tira fina de couro com medalha central escrita \u201cYara\u201d em \u00e1rabe, carregando significado e prote\u00e7\u00e3o.<\/p>\n<p>\u2022 Est\u00e9tica org\u00e2nica, simb\u00f3lica e sofisticada para quem caminha com alma e prop\u00f3sito.<\/p>","protected":false},"featured_media":7475,"template":"","meta":{"_acf_changed":false},"product_brand":[],"product_cat":[144,19],"product_tag":[],"class_list":{"0":"post-7452","1":"product","2":"type-product","3":"status-publish","4":"has-post-thumbnail","6":"product_cat-ver-tudo","7":"product_cat-suede-cores","9":"first","10":"instock","11":"sale","12":"taxable","13":"shipping-taxable","14":"purchasable","15":"product-type-simple"},"acf":[],"_links":{"self":[{"href":"https:\/\/yara-atelier.com\/en\/wp-json\/wp\/v2\/product\/7452","targetHints":{"allow":["GET"]}}],"collection":[{"href":"https:\/\/yara-atelier.com\/en\/wp-json\/wp\/v2\/product"}],"about":[{"href":"https:\/\/yara-atelier.com\/en\/wp-json\/wp\/v2\/types\/product"}],"wp:featuredmedia":[{"embeddable":true,"href":"https:\/\/yara-atelier.com\/en\/wp-json\/wp\/v2\/media\/7475"}],"wp:attachment":[{"href":"https:\/\/yara-atelier.com\/en\/wp-json\/wp\/v2\/media?parent=7452"}],"wp:term":[{"taxonomy":"product_brand","embeddable":true,"href":"https:\/\/yara-atelier.com\/en\/wp-json\/wp\/v2\/product_brand?post=7452"},{"taxonomy":"product_cat","embeddable":true,"href":"https:\/\/yara-atelier.com\/en\/wp-json\/wp\/v2\/product_cat?post=7452"},{"taxonomy":"product_tag","embeddable":true,"href":"https:\/\/yara-atelier.com\/en\/wp-json\/wp\/v2\/product_tag?post=7452"}],"curies":[{"name":"wp","href":"https:\/\/api.w.org\/{rel}","templated":true}]}}