{"id":7486,"date":"2026-01-09T18:33:27","date_gmt":"2026-01-09T21:33:27","guid":{"rendered":"https:\/\/yara-atelier.com\/produto\/the-real-butterfly-bag-cloud-dancer\/"},"modified":"2026-04-02T12:02:57","modified_gmt":"2026-04-02T15:02:57","slug":"the-real-butterfly-bag-cloud-dancer","status":"publish","type":"product","link":"https:\/\/yara-atelier.com\/en\/product\/the-real-butterfly-bag-cloud-dancer\/","title":{"rendered":"The Real Butterfly Bag &#8211; Cloud Dancer"},"content":{"rendered":"","protected":false},"excerpt":{"rendered":"<p class=\"p1\"><span class=\"s1\">Nascida da fus\u00e3o entre arte e moda, a <\/span><span class=\"s2\">YARA Bag<\/span><span class=\"s3\"> \u00e9 uma bolsa-joia escultural, 100% feita \u00e0 m\u00e3o. Inspirada na simetria das asas da borboleta, ela carrega os s\u00edmbolos de metamorfose, liberdade e autenticidade.<\/span><\/p>\n<p class=\"p1\"><span class=\"s3\">Para o seu lan\u00e7amento, escolhemos <\/span><span class=\"s2\">a cor do ano de 2026<\/span><span class=\"s3\">: Cloud Dancer, um tom que traduz o esp\u00edrito do tempo, a eleg\u00e2ncia contempor\u00e2nea e a for\u00e7a de quem n\u00e3o passa despercebida.<\/span><\/p>\n<p class=\"p1\"><span class=\"s3\">Cada pe\u00e7a \u00e9 artesanal, \u00fanica e criada para quem carrega significado em cada detalhe.<\/span><\/p>\n<p>Produzida com fio Barroco, possui forro interno em cetim e fechamento por \u00edm\u00e3 oculto central.<\/p>\n<p>Dimens\u00f5es aproximadas: 16 cm x 15 cm<\/p>\n<p>Altura total com al\u00e7a: 22 cm<\/p>\n<p>Capacidade: comporta batom, chave do carro, mini perfume e cart\u00e3o.<\/p>\n<p>Al\u00e7a: croch\u00ea estruturado com refor\u00e7o interno.<\/p>\n<p>Pe\u00e7a 100% artesanal, com tempo m\u00e9dio de confec\u00e7\u00e3o de 2 a 3 dias.<\/p>","protected":false},"featured_media":7485,"template":"","meta":{"_acf_changed":false},"product_brand":[],"product_cat":[142,141,96,140,95,86],"product_tag":[],"class_list":{"0":"post-7486","1":"product","2":"type-product","3":"status-publish","4":"has-post-thumbnail","6":"product_cat-metamorfose","7":"product_cat-produtos","8":"product_cat-yara-bag","9":"product_cat-verao","10":"product_cat-lancamentos","11":"product_cat-best-sellers","13":"first","14":"instock","15":"featured","16":"taxable","17":"shipping-taxable","18":"purchasable","19":"product-type-simple"},"acf":[],"_links":{"self":[{"href":"https:\/\/yara-atelier.com\/en\/wp-json\/wp\/v2\/product\/7486","targetHints":{"allow":["GET"]}}],"collection":[{"href":"https:\/\/yara-atelier.com\/en\/wp-json\/wp\/v2\/product"}],"about":[{"href":"https:\/\/yara-atelier.com\/en\/wp-json\/wp\/v2\/types\/product"}],"wp:featuredmedia":[{"embeddable":true,"href":"https:\/\/yara-atelier.com\/en\/wp-json\/wp\/v2\/media\/7485"}],"wp:attachment":[{"href":"https:\/\/yara-atelier.com\/en\/wp-json\/wp\/v2\/media?parent=7486"}],"wp:term":[{"taxonomy":"product_brand","embeddable":true,"href":"https:\/\/yara-atelier.com\/en\/wp-json\/wp\/v2\/product_brand?post=7486"},{"taxonomy":"product_cat","embeddable":true,"href":"https:\/\/yara-atelier.com\/en\/wp-json\/wp\/v2\/product_cat?post=7486"},{"taxonomy":"product_tag","embeddable":true,"href":"https:\/\/yara-atelier.com\/en\/wp-json\/wp\/v2\/product_tag?post=7486"}],"curies":[{"name":"wp","href":"https:\/\/api.w.org\/{rel}","templated":true}]}}