{"id":7590,"date":"2026-02-05T16:42:21","date_gmt":"2026-02-05T19:42:21","guid":{"rendered":"https:\/\/yara-atelier.com\/produto\/virginia-hat-bag-media\/"},"modified":"2026-04-02T12:03:06","modified_gmt":"2026-04-02T15:03:06","slug":"virginia-hat-bag-media","status":"publish","type":"product","link":"https:\/\/yara-atelier.com\/en\/product\/virginia-hat-bag-media\/","title":{"rendered":"Virginia Hat Bag &#8211; M\u00e9dia"},"content":{"rendered":"<p>Nascida do gesto mais ic\u00f4nico da YARA, a Virg\u00ednia Hat Bag \u00e9 uma bolsa escultural em palha de pia\u00e7ava, 100% feita \u00e0 m\u00e3o.<\/p>\n<p>Ela traduz a transforma\u00e7\u00e3o do chap\u00e9u em objeto de desejo, onde forma, fun\u00e7\u00e3o e identidade se encontram.<\/p>\n<p>Produzida artesanalmente por uma comunidade de mulheres no interior da Bahia, utiliza palha de pia\u00e7ava, uma fibra brasileira forte, estrutural e dur\u00e1vel, tradicionalmente aplicada em pe\u00e7as que exigem resist\u00eancia real e sustenta\u00e7\u00e3o de forma.<\/p>\n<p>Cada pe\u00e7a \u00e9 artesanal, \u00fanica e criada para mulheres que entendem design como linguagem.<\/p>\n<p>Produzida em palha de pia\u00e7ava natural, possui estrutura pr\u00f3pria sem arma\u00e7\u00f5es artificiais e acabamento manual.<\/p>\n<p>Dimens\u00f5es aproximadas:<\/p>\n<p>Comprimento: 45 cm<\/p>\n<p>Base da copa: 16 cm<\/p>\n<p>Altura: 28,5 cm<\/p>\n<p>Pe\u00e7a 100% artesanal, com tempo m\u00e9dio de confec\u00e7\u00e3o de 3 a 5 dias.<\/p>","protected":false},"excerpt":{"rendered":"<p class=\"p1\"><span class=\"s1\">Nascida do gesto mais ic\u00f4nico da YARA, a Virg\u00ednia Hat Bag \u00e9 uma bolsa escultural em palha de pia\u00e7ava, 100% feita \u00e0 m\u00e3o.<\/span><\/p>\n<p class=\"p1\"><span class=\"s1\">Ela traduz a transforma\u00e7\u00e3o do chap\u00e9u em objeto de desejo, onde forma, fun\u00e7\u00e3o e identidade se encontram.<\/span><\/p>\n<p class=\"p1\"><span class=\"s1\">Produzida artesanalmente por uma comunidade de mulheres no interior da Bahia, utiliza palha <\/span>pia\u00e7ava<span class=\"s1\">, uma fibra brasileira forte, estrutural e dur\u00e1vel, tradicionalmente aplicada em pe\u00e7as que exigem resist\u00eancia real e sustenta\u00e7\u00e3o de forma.<\/span><\/p>\n<p class=\"p1\"><span class=\"s1\">Cada pe\u00e7a \u00e9 artesanal, \u00fanica e criada para mulheres que entendem design como linguagem.<\/span><\/p>\n<p class=\"p1\"><span class=\"s1\">Produzida em palha <\/span>pia\u00e7ava<span class=\"s1\">, possui estrutura pr\u00f3pria sem arma\u00e7\u00f5es artificiais e acabamento manual.<\/span><\/p>\n<p class=\"p1\"><span class=\"s1\">Dimens\u00f5es aproximadas:<\/span><\/p>\n<p class=\"p1\"><span class=\"s1\">Comprimento: 45 cm<\/span><\/p>\n<p class=\"p1\"><span class=\"s1\">Base da copa: 16 cm<\/span><\/p>\n<p class=\"p1\"><span class=\"s1\">Altura: 28,5 cm<\/span><\/p>\n<p class=\"p1\"><span class=\"s1\">Pe\u00e7a 100% artesanal, com tempo m\u00e9dio de confec\u00e7\u00e3o de 3 a 5 dias.<\/span><\/p>","protected":false},"featured_media":7691,"template":"","meta":{"_acf_changed":false},"product_brand":[],"product_cat":[143,141,96,140,95,86],"product_tag":[],"class_list":{"0":"post-7590","1":"product","2":"type-product","3":"status-publish","4":"has-post-thumbnail","6":"product_cat-virginia","7":"product_cat-produtos","8":"product_cat-yara-bag","9":"product_cat-verao","10":"product_cat-lancamentos","11":"product_cat-best-sellers","13":"first","14":"instock","15":"featured","16":"taxable","17":"shipping-taxable","18":"purchasable","19":"product-type-simple"},"acf":[],"_links":{"self":[{"href":"https:\/\/yara-atelier.com\/en\/wp-json\/wp\/v2\/product\/7590","targetHints":{"allow":["GET"]}}],"collection":[{"href":"https:\/\/yara-atelier.com\/en\/wp-json\/wp\/v2\/product"}],"about":[{"href":"https:\/\/yara-atelier.com\/en\/wp-json\/wp\/v2\/types\/product"}],"wp:featuredmedia":[{"embeddable":true,"href":"https:\/\/yara-atelier.com\/en\/wp-json\/wp\/v2\/media\/7691"}],"wp:attachment":[{"href":"https:\/\/yara-atelier.com\/en\/wp-json\/wp\/v2\/media?parent=7590"}],"wp:term":[{"taxonomy":"product_brand","embeddable":true,"href":"https:\/\/yara-atelier.com\/en\/wp-json\/wp\/v2\/product_brand?post=7590"},{"taxonomy":"product_cat","embeddable":true,"href":"https:\/\/yara-atelier.com\/en\/wp-json\/wp\/v2\/product_cat?post=7590"},{"taxonomy":"product_tag","embeddable":true,"href":"https:\/\/yara-atelier.com\/en\/wp-json\/wp\/v2\/product_tag?post=7590"}],"curies":[{"name":"wp","href":"https:\/\/api.w.org\/{rel}","templated":true}]}}