{"id":7597,"date":"2026-02-05T16:46:13","date_gmt":"2026-02-05T19:46:13","guid":{"rendered":"https:\/\/yara-atelier.com\/produto\/virginia-hat-bag-grande\/"},"modified":"2026-03-11T10:38:28","modified_gmt":"2026-03-11T13:38:28","slug":"virginia-hat-bag-grande","status":"publish","type":"product","link":"https:\/\/yara-atelier.com\/en\/product\/virginia-hat-bag-grande\/","title":{"rendered":"Virginia Hat Bag &#8211; Grande"},"content":{"rendered":"","protected":false},"excerpt":{"rendered":"<p class=\"p1\"><span class=\"s1\">Nascida do gesto mais ic\u00f4nico da YARA, a Virg\u00ednia Hat Bag \u00e9 uma bolsa escultural em palha de pia\u00e7ava, 100% feita \u00e0 m\u00e3o.<\/span><\/p>\n<p class=\"p1\"><span class=\"s1\">Ela traduz a transforma\u00e7\u00e3o do chap\u00e9u em objeto de desejo, onde forma, fun\u00e7\u00e3o e identidade se encontram.<\/span><\/p>\n<p class=\"p1\"><span class=\"s1\">Produzida artesanalmente por uma comunidade de mulheres no interior da Bahia, utiliza palha <\/span>pia\u00e7ava<span class=\"s1\">, uma fibra <\/span>brasileira<span class=\"s1\"> forte, estrutural e dur\u00e1vel, tradicionalmente aplicada em pe\u00e7as que exigem resist\u00eancia real e sustenta\u00e7\u00e3o de forma.<\/span><\/p>\n<p class=\"p1\"><span class=\"s1\">Cada pe\u00e7a \u00e9 artesanal, \u00fanica e criada para mulheres que entendem design como linguagem.<\/span><\/p>\n<p class=\"p1\"><span class=\"s1\">Produzida em palha <\/span>pia\u00e7ava<span class=\"s1\">, possui estrutura pr\u00f3pria sem arma\u00e7\u00f5es artificiais e acabamento manual.<\/span><\/p>\n<p class=\"p1\"><span class=\"s1\">Dimens\u00f5es aproximadas:<\/span><\/p>\n<p class=\"p1\"><span class=\"s1\">Comprimento: 67 cm<\/span><\/p>\n<p class=\"p1\"><span class=\"s1\">Base da copa: 19 cm<\/span><\/p>\n<p class=\"p1\"><span class=\"s1\">Altura: 38 cm<\/span><\/p>\n<p class=\"p1\"><span class=\"s1\">Pe\u00e7a 100% artesanal, com tempo m\u00e9dio de confec\u00e7\u00e3o de 3 a 5 dias.<\/span><\/p>","protected":false},"featured_media":7595,"template":"","meta":{"_acf_changed":false},"product_brand":[],"product_cat":[143,141,96,140,95],"product_tag":[],"class_list":{"0":"post-7597","1":"product","2":"type-product","3":"status-publish","4":"has-post-thumbnail","6":"product_cat-virginia","7":"product_cat-produtos","8":"product_cat-yara-bag","9":"product_cat-verao","10":"product_cat-lancamentos","12":"first","13":"instock","14":"taxable","15":"shipping-taxable","16":"purchasable","17":"product-type-simple"},"acf":[],"_links":{"self":[{"href":"https:\/\/yara-atelier.com\/en\/wp-json\/wp\/v2\/product\/7597","targetHints":{"allow":["GET"]}}],"collection":[{"href":"https:\/\/yara-atelier.com\/en\/wp-json\/wp\/v2\/product"}],"about":[{"href":"https:\/\/yara-atelier.com\/en\/wp-json\/wp\/v2\/types\/product"}],"wp:featuredmedia":[{"embeddable":true,"href":"https:\/\/yara-atelier.com\/en\/wp-json\/wp\/v2\/media\/7595"}],"wp:attachment":[{"href":"https:\/\/yara-atelier.com\/en\/wp-json\/wp\/v2\/media?parent=7597"}],"wp:term":[{"taxonomy":"product_brand","embeddable":true,"href":"https:\/\/yara-atelier.com\/en\/wp-json\/wp\/v2\/product_brand?post=7597"},{"taxonomy":"product_cat","embeddable":true,"href":"https:\/\/yara-atelier.com\/en\/wp-json\/wp\/v2\/product_cat?post=7597"},{"taxonomy":"product_tag","embeddable":true,"href":"https:\/\/yara-atelier.com\/en\/wp-json\/wp\/v2\/product_tag?post=7597"}],"curies":[{"name":"wp","href":"https:\/\/api.w.org\/{rel}","templated":true}]}}