{"id":7694,"date":"2026-03-09T19:23:01","date_gmt":"2026-03-09T22:23:01","guid":{"rendered":"https:\/\/yara-atelier.com\/produto\/the-real-butterfly-bag-marrom\/"},"modified":"2026-03-27T20:16:35","modified_gmt":"2026-03-27T23:16:35","slug":"the-real-butterfly-bag-marrom","status":"publish","type":"product","link":"https:\/\/yara-atelier.com\/en\/product\/the-real-butterfly-bag-marrom\/","title":{"rendered":"The Real Butterfly Bag &#8211; Marrom"},"content":{"rendered":"<p>PR\u00c9 &#8211; VENDA<\/p>\n<p style=\"margin: 0px 0px 1.41575em; font-family: Montserrat, serif; font-size: 16px; font-style: normal; font-weight: 400; letter-spacing: normal; text-align: start; text-indent: 0px; text-transform: none; white-space: normal; text-decoration: none;\">A escultura que virou bolsa.<\/p>\n<p style=\"margin: 0px 0px 1.41575em; font-family: Montserrat, serif; font-size: 16px; font-style: normal; font-weight: 400; letter-spacing: normal; text-align: start; text-indent: 0px; text-transform: none; white-space: normal; text-decoration: none;\">Nascida da fus\u00e3o entre arte e moda, a YARA Bag \u00e9 uma bolsa-joia escultural feita 100% \u00e0 m\u00e3o. Inspirada na simetria das asas de uma borboleta, ela simboliza metamorfose, liberdade e autenticidade. Cada pe\u00e7a \u00e9 artesanal, \u00fanica e criada para quem carrega significado em cada detalhe.<\/p>\n<p style=\"margin: 0px 0px 1.41575em; font-family: Montserrat, serif; font-size: 16px; font-style: normal; font-weight: 400; letter-spacing: normal; text-align: start; text-indent: 0px; text-transform: none; white-space: normal; text-decoration: none;\">Produzida com fio Barroco, possui forro interno em cetim e fechamento por \u00edm\u00e3 oculto central.<\/p>\n<p style=\"margin: 0px 0px 1.41575em; font-family: Montserrat, serif; font-size: 16px; font-style: normal; font-weight: 400; letter-spacing: normal; text-align: start; text-indent: 0px; text-transform: none; white-space: normal; text-decoration: none;\">Dimens\u00f5es aproximadas: 16 cm x 15 cm<\/p>\n<p style=\"margin: 0px 0px 1.41575em; font-family: Montserrat, serif; font-size: 16px; font-style: normal; font-weight: 400; letter-spacing: normal; text-align: start; text-indent: 0px; text-transform: none; white-space: normal; text-decoration: none;\">Altura total com al\u00e7a: 22 cm<\/p>\n<p style=\"margin: 0px 0px 1.41575em; font-family: Montserrat, serif; font-size: 16px; font-style: normal; font-weight: 400; letter-spacing: normal; text-align: start; text-indent: 0px; text-transform: none; white-space: normal; text-decoration: none;\">Capacidade: comporta batom, chave do carro, mini perfume e cart\u00e3o.<\/p>\n<p style=\"margin: 0px 0px 1.41575em; font-family: Montserrat, serif; font-size: 16px; font-style: normal; font-weight: 400; letter-spacing: normal; text-align: start; text-indent: 0px; text-transform: none; white-space: normal; text-decoration: none;\">Al\u00e7a: croch\u00ea estruturado com refor\u00e7o interno.<\/p>\n<p style=\"margin: 0px 0px 1.41575em; font-family: Montserrat, serif; font-size: 16px; font-style: normal; font-weight: 400; letter-spacing: normal; text-align: start; text-indent: 0px; text-transform: none; white-space: normal; text-decoration: none;\">Pe\u00e7a 100% artesanal, com tempo m\u00e9dio de confec\u00e7\u00e3o de 2 a 3 dias.<\/p>","protected":false},"excerpt":{"rendered":"<p>PR\u00c9-VENDA<\/p>\n<p style=\"margin: 0px 0px 1.41575em; font-family: Montserrat, serif; font-size: 16px; font-style: normal; font-weight: 400; letter-spacing: normal; text-align: start; text-indent: 0px; text-transform: none; white-space: normal; text-decoration: none;\">A escultura que virou bolsa.<\/p>\n<p style=\"margin: 0px 0px 1.41575em; font-family: Montserrat, serif; font-size: 16px; font-style: normal; font-weight: 400; letter-spacing: normal; text-align: start; text-indent: 0px; text-transform: none; white-space: normal; text-decoration: none;\">Nascida da fus\u00e3o entre arte e moda, a YARA Bag \u00e9 uma bolsa-joia escultural feita 100% \u00e0 m\u00e3o. Inspirada na simetria das asas de uma borboleta, ela simboliza metamorfose, liberdade e autenticidade. Cada pe\u00e7a \u00e9 artesanal, \u00fanica e criada para quem carrega significado em cada detalhe.<\/p>\n<p style=\"margin: 0px 0px 1.41575em; font-family: Montserrat, serif; font-size: 16px; font-style: normal; font-weight: 400; letter-spacing: normal; text-align: start; text-indent: 0px; text-transform: none; white-space: normal; text-decoration: none;\">Produzida com fio Barroco, possui forro interno em cetim e fechamento por \u00edm\u00e3 oculto central.<\/p>\n<p style=\"margin: 0px 0px 1.41575em; font-family: Montserrat, serif; font-size: 16px; font-style: normal; font-weight: 400; letter-spacing: normal; text-align: start; text-indent: 0px; text-transform: none; white-space: normal; text-decoration: none;\">Dimens\u00f5es aproximadas: 16 cm x 15 cm<\/p>\n<p style=\"margin: 0px 0px 1.41575em; font-family: Montserrat, serif; font-size: 16px; font-style: normal; font-weight: 400; letter-spacing: normal; text-align: start; text-indent: 0px; text-transform: none; white-space: normal; text-decoration: none;\">Altura total com al\u00e7a: 22 cm<\/p>\n<p style=\"margin: 0px 0px 1.41575em; font-family: Montserrat, serif; font-size: 16px; font-style: normal; font-weight: 400; letter-spacing: normal; text-align: start; text-indent: 0px; text-transform: none; white-space: normal; text-decoration: none;\">Capacidade: comporta batom, chave do carro, mini perfume e cart\u00e3o.<\/p>\n<p style=\"margin: 0px 0px 1.41575em; font-family: Montserrat, serif; font-size: 16px; font-style: normal; font-weight: 400; letter-spacing: normal; text-align: start; text-indent: 0px; text-transform: none; white-space: normal; text-decoration: none;\">Al\u00e7a: croch\u00ea estruturado com refor\u00e7o interno.<\/p>\n<p style=\"margin: 0px 0px 1.41575em; font-family: Montserrat, serif; font-size: 16px; font-style: normal; font-weight: 400; letter-spacing: normal; text-align: start; text-indent: 0px; text-transform: none; white-space: normal; text-decoration: none;\">Pe\u00e7a 100% artesanal, com tempo m\u00e9dio de confec\u00e7\u00e3o de 2 a 3 dias.<\/p>","protected":false},"featured_media":7693,"template":"","meta":{"_acf_changed":false},"product_brand":[],"product_cat":[142,141,96,95],"product_tag":[],"class_list":{"0":"post-7694","1":"product","2":"type-product","3":"status-publish","4":"has-post-thumbnail","6":"product_cat-metamorfose","7":"product_cat-produtos","8":"product_cat-yara-bag","9":"product_cat-lancamentos","11":"first","12":"instock","13":"taxable","14":"shipping-taxable","15":"purchasable","16":"product-type-simple"},"acf":[],"_links":{"self":[{"href":"https:\/\/yara-atelier.com\/en\/wp-json\/wp\/v2\/product\/7694","targetHints":{"allow":["GET"]}}],"collection":[{"href":"https:\/\/yara-atelier.com\/en\/wp-json\/wp\/v2\/product"}],"about":[{"href":"https:\/\/yara-atelier.com\/en\/wp-json\/wp\/v2\/types\/product"}],"wp:featuredmedia":[{"embeddable":true,"href":"https:\/\/yara-atelier.com\/en\/wp-json\/wp\/v2\/media\/7693"}],"wp:attachment":[{"href":"https:\/\/yara-atelier.com\/en\/wp-json\/wp\/v2\/media?parent=7694"}],"wp:term":[{"taxonomy":"product_brand","embeddable":true,"href":"https:\/\/yara-atelier.com\/en\/wp-json\/wp\/v2\/product_brand?post=7694"},{"taxonomy":"product_cat","embeddable":true,"href":"https:\/\/yara-atelier.com\/en\/wp-json\/wp\/v2\/product_cat?post=7694"},{"taxonomy":"product_tag","embeddable":true,"href":"https:\/\/yara-atelier.com\/en\/wp-json\/wp\/v2\/product_tag?post=7694"}],"curies":[{"name":"wp","href":"https:\/\/api.w.org\/{rel}","templated":true}]}}